{"id":29016,"date":"2024-05-17T13:37:46","date_gmt":"2024-05-17T11:37:46","guid":{"rendered":"https:\/\/eugenchocolate.com\/?page_id=29016"},"modified":"2024-10-10T15:46:18","modified_gmt":"2024-10-10T13:46:18","slug":"katalog-2","status":"publish","type":"page","link":"https:\/\/eugenchocolate.com\/sk\/katalog-2\/","title":{"rendered":"Katal\u00f3g"},"content":{"rendered":"\t\t<div data-elementor-type=\"wp-page\" data-elementor-id=\"29016\" class=\"elementor elementor-29016\">\n\t\t\t\t\t\t<section class=\"wd-negative-gap elementor-section elementor-top-section elementor-element elementor-element-276db44 elementor-section-full_width elementor-section-height-default elementor-section-height-default\" data-id=\"276db44\" data-element_type=\"section\" data-e-type=\"section\">\n\t\t\t\t\t\t<div class=\"elementor-container elementor-column-gap-default\">\n\t\t\t\t\t<div class=\"elementor-column elementor-col-100 elementor-top-column elementor-element elementor-element-b4a12f7\" data-id=\"b4a12f7\" data-element_type=\"column\" data-e-type=\"column\">\n\t\t\t<div class=\"elementor-widget-wrap elementor-element-populated\">\n\t\t\t\t\t\t<div class=\"elementor-element elementor-element-a46c905 elementor-position-left elementor-vertical-align-middle elementor-widget__width-initial elementor-widget elementor-widget-image-box\" data-id=\"a46c905\" data-element_type=\"widget\" data-e-type=\"widget\" data-widget_type=\"image-box.default\">\n\t\t\t\t<div class=\"elementor-widget-container\">\n\t\t\t\t\t<div class=\"elementor-image-box-wrapper\"><figure class=\"elementor-image-box-img\"><a href=\"https:\/\/eugenchocolate.com\/wp-content\/uploads\/2022\/08\/Eugen-Corporate-Gift-Catalogue-2022-SLK.pdf\" tabindex=\"-1\"><img loading=\"lazy\" decoding=\"async\" width=\"1000\" height=\"1000\" src=\"https:\/\/eugenchocolate.com\/wp-content\/uploads\/2021\/03\/harmony-lux-2023-online-1.jpg\" class=\"elementor-animation-grow attachment-full size-full wp-image-22173\" alt=\"Harmony lux\" srcset=\"https:\/\/eugenchocolate.com\/wp-content\/uploads\/2021\/03\/harmony-lux-2023-online-1.jpg 1000w, https:\/\/eugenchocolate.com\/wp-content\/uploads\/2021\/03\/harmony-lux-2023-online-1-300x300.webp 300w, https:\/\/eugenchocolate.com\/wp-content\/uploads\/2021\/03\/harmony-lux-2023-online-1-150x150.webp 150w, https:\/\/eugenchocolate.com\/wp-content\/uploads\/2021\/03\/harmony-lux-2023-online-1-768x768.webp 768w, https:\/\/eugenchocolate.com\/wp-content\/uploads\/2021\/03\/harmony-lux-2023-online-1-600x600.webp 600w\" sizes=\"auto, (max-width: 1000px) 100vw, 1000px\" \/><\/a><\/figure><div class=\"elementor-image-box-content\"><h2 class=\"elementor-image-box-title\"><a href=\"https:\/\/eugenchocolate.com\/wp-content\/uploads\/2022\/08\/Eugen-Corporate-Gift-Catalogue-2022-SLK.pdf\">Eugen Chocolate Katal\u00f3g firemn\u00fdch dar\u010dekov -  SLOVAKIA<\/a><\/h2><\/div><\/div>\t\t\t\t<\/div>\n\t\t\t\t<\/div>\n\t\t\t\t<div class=\"elementor-element elementor-element-390348c elementor-widget-divider--view-line elementor-widget elementor-widget-divider\" data-id=\"390348c\" data-element_type=\"widget\" data-e-type=\"widget\" data-widget_type=\"divider.default\">\n\t\t\t\t<div class=\"elementor-widget-container\">\n\t\t\t\t\t\t\t<div class=\"elementor-divider\">\n\t\t\t<span class=\"elementor-divider-separator\">\n\t\t\t\t\t\t<\/span>\n\t\t<\/div>\n\t\t\t\t\t\t<\/div>\n\t\t\t\t<\/div>\n\t\t\t\t<div class=\"elementor-element elementor-element-fc2ccea elementor-position-left elementor-vertical-align-middle elementor-widget elementor-widget-image-box\" data-id=\"fc2ccea\" data-element_type=\"widget\" data-e-type=\"widget\" data-widget_type=\"image-box.default\">\n\t\t\t\t<div class=\"elementor-widget-container\">\n\t\t\t\t\t<div class=\"elementor-image-box-wrapper\"><figure class=\"elementor-image-box-img\"><a href=\"https:\/\/eugenchocolate.com\/wp-content\/uploads\/2024\/03\/Eugen-Corporate-Gift-Catalogue-2024-EN-mart-online.pdf\" tabindex=\"-1\"><img loading=\"lazy\" decoding=\"async\" width=\"1000\" height=\"1000\" src=\"https:\/\/eugenchocolate.com\/wp-content\/uploads\/2021\/03\/harmony-lux-2023-online-1.jpg\" class=\"elementor-animation-grow attachment-full size-full wp-image-22173\" alt=\"Harmony lux\" srcset=\"https:\/\/eugenchocolate.com\/wp-content\/uploads\/2021\/03\/harmony-lux-2023-online-1.jpg 1000w, https:\/\/eugenchocolate.com\/wp-content\/uploads\/2021\/03\/harmony-lux-2023-online-1-300x300.webp 300w, https:\/\/eugenchocolate.com\/wp-content\/uploads\/2021\/03\/harmony-lux-2023-online-1-150x150.webp 150w, https:\/\/eugenchocolate.com\/wp-content\/uploads\/2021\/03\/harmony-lux-2023-online-1-768x768.webp 768w, https:\/\/eugenchocolate.com\/wp-content\/uploads\/2021\/03\/harmony-lux-2023-online-1-600x600.webp 600w\" sizes=\"auto, (max-width: 1000px) 100vw, 1000px\" \/><\/a><\/figure><div class=\"elementor-image-box-content\"><h2 class=\"elementor-image-box-title\"><a href=\"https:\/\/eugenchocolate.com\/wp-content\/uploads\/2024\/03\/Eugen-Corporate-Gift-Catalogue-2024-EN-mart-online.pdf\">Eugen Chocolate Corporate Gift Catalogue - ENGLISH<\/a><\/h2><\/div><\/div>\t\t\t\t<\/div>\n\t\t\t\t<\/div>\n\t\t\t\t\t<\/div>\n\t\t<\/div>\n\t\t\t\t\t<\/div>\n\t\t<\/section>\n\t\t\t\t<\/div>\n\t\t","protected":false},"excerpt":{"rendered":"<p>Eugen Chocolate Katal\u00f3g firemn\u00fdch dar\u010dekov &#8211; SLOVAKIA Eugen Chocolate Corporate Gift Catalogue &#8211; ENGLISH<\/p>\n","protected":false},"author":7,"featured_media":0,"parent":0,"menu_order":0,"comment_status":"closed","ping_status":"closed","template":"","meta":{"_monsterinsights_skip_tracking":false,"_monsterinsights_sitenote_active":false,"_monsterinsights_sitenote_note":"","_monsterinsights_sitenote_category":0,"footnotes":""},"class_list":["post-29016","page","type-page","status-publish","hentry"],"yoast_head":"<!-- This site is optimized with the Yoast SEO plugin v27.2 - https:\/\/yoast.com\/product\/yoast-seo-wordpress\/ -->\n<title>Katal\u00f3g - Eugen Chocolate<\/title>\n<meta name=\"robots\" content=\"index, follow, max-snippet:-1, max-image-preview:large, max-video-preview:-1\" \/>\n<link rel=\"canonical\" href=\"https:\/\/eugenchocolate.com\/sk\/katalog-2\/\" \/>\n<meta property=\"og:locale\" content=\"sk_SK\" \/>\n<meta property=\"og:type\" content=\"article\" \/>\n<meta property=\"og:title\" content=\"Katal\u00f3g - Eugen Chocolate\" \/>\n<meta property=\"og:description\" content=\"Eugen Chocolate Katal\u00f3g firemn\u00fdch dar\u010dekov &#8211; SLOVAKIA Eugen Chocolate Corporate Gift Catalogue &#8211; ENGLISH\" \/>\n<meta property=\"og:url\" content=\"https:\/\/eugenchocolate.com\/sk\/katalog-2\/\" \/>\n<meta property=\"og:site_name\" content=\"Eugen Chocolate\" \/>\n<meta property=\"article:publisher\" content=\"https:\/\/www.facebook.com\/eugenchocolate\/\" \/>\n<meta property=\"article:modified_time\" content=\"2024-10-10T13:46:18+00:00\" \/>\n<meta property=\"og:image\" content=\"https:\/\/eugenchocolate.com\/wp-content\/uploads\/2021\/03\/harmony-lux-2023-online-1.jpg\" \/>\n\t<meta property=\"og:image:width\" content=\"1000\" \/>\n\t<meta property=\"og:image:height\" content=\"1000\" \/>\n\t<meta property=\"og:image:type\" content=\"image\/jpeg\" \/>\n<meta name=\"twitter:card\" content=\"summary_large_image\" \/>\n<meta name=\"twitter:label1\" content=\"Predpokladan\u00fd \u010das \u010d\u00edtania\" \/>\n\t<meta name=\"twitter:data1\" content=\"1 min\u00fata\" \/>\n<script type=\"application\/ld+json\" class=\"yoast-schema-graph\">{\"@context\":\"https:\/\/schema.org\",\"@graph\":[{\"@type\":\"WebPage\",\"@id\":\"https:\/\/eugenchocolate.com\/sk\/katalog-2\/\",\"url\":\"https:\/\/eugenchocolate.com\/sk\/katalog-2\/\",\"name\":\"Katal\u00f3g - Eugen Chocolate\",\"isPartOf\":{\"@id\":\"https:\/\/eugenchocolate.com\/sk\/#website\"},\"primaryImageOfPage\":{\"@id\":\"https:\/\/eugenchocolate.com\/sk\/katalog-2\/#primaryimage\"},\"image\":{\"@id\":\"https:\/\/eugenchocolate.com\/sk\/katalog-2\/#primaryimage\"},\"thumbnailUrl\":\"https:\/\/eugenchocolate.com\/wp-content\/uploads\/2021\/03\/harmony-lux-2023-online-1.jpg\",\"datePublished\":\"2024-05-17T11:37:46+00:00\",\"dateModified\":\"2024-10-10T13:46:18+00:00\",\"breadcrumb\":{\"@id\":\"https:\/\/eugenchocolate.com\/sk\/katalog-2\/#breadcrumb\"},\"inLanguage\":\"sk-SK\",\"potentialAction\":[{\"@type\":\"ReadAction\",\"target\":[\"https:\/\/eugenchocolate.com\/sk\/katalog-2\/\"]}]},{\"@type\":\"ImageObject\",\"inLanguage\":\"sk-SK\",\"@id\":\"https:\/\/eugenchocolate.com\/sk\/katalog-2\/#primaryimage\",\"url\":\"https:\/\/eugenchocolate.com\/wp-content\/uploads\/2021\/03\/harmony-lux-2023-online-1.jpg\",\"contentUrl\":\"https:\/\/eugenchocolate.com\/wp-content\/uploads\/2021\/03\/harmony-lux-2023-online-1.jpg\"},{\"@type\":\"BreadcrumbList\",\"@id\":\"https:\/\/eugenchocolate.com\/sk\/katalog-2\/#breadcrumb\",\"itemListElement\":[{\"@type\":\"ListItem\",\"position\":1,\"name\":\"Domov\",\"item\":\"https:\/\/eugenchocolate.com\/sk\/\"},{\"@type\":\"ListItem\",\"position\":2,\"name\":\"Katal\u00f3g\"}]},{\"@type\":\"WebSite\",\"@id\":\"https:\/\/eugenchocolate.com\/sk\/#website\",\"url\":\"https:\/\/eugenchocolate.com\/sk\/\",\"name\":\"Eugen Chocolate\",\"description\":\"The finest handcrafted chocolates\",\"publisher\":{\"@id\":\"https:\/\/eugenchocolate.com\/sk\/#organization\"},\"potentialAction\":[{\"@type\":\"SearchAction\",\"target\":{\"@type\":\"EntryPoint\",\"urlTemplate\":\"https:\/\/eugenchocolate.com\/sk\/?s={search_term_string}\"},\"query-input\":{\"@type\":\"PropertyValueSpecification\",\"valueRequired\":true,\"valueName\":\"search_term_string\"}}],\"inLanguage\":\"sk-SK\"},{\"@type\":\"Organization\",\"@id\":\"https:\/\/eugenchocolate.com\/sk\/#organization\",\"name\":\"Eugen Chocolate\",\"url\":\"https:\/\/eugenchocolate.com\/sk\/\",\"logo\":{\"@type\":\"ImageObject\",\"inLanguage\":\"sk-SK\",\"@id\":\"https:\/\/eugenchocolate.com\/sk\/#\/schema\/logo\/image\/\",\"url\":\"https:\/\/eugenchocolate.com\/wp-content\/uploads\/2021\/03\/Eugen-logo.png\",\"contentUrl\":\"https:\/\/eugenchocolate.com\/wp-content\/uploads\/2021\/03\/Eugen-logo.png\",\"width\":105,\"height\":105,\"caption\":\"Eugen Chocolate\"},\"image\":{\"@id\":\"https:\/\/eugenchocolate.com\/sk\/#\/schema\/logo\/image\/\"},\"sameAs\":[\"https:\/\/www.facebook.com\/eugenchocolate\/\",\"https:\/\/www.instagram.com\/eugen_chocolate\/?hl=en\",\"https:\/\/www.youtube.com\/channel\/UCn5LHfsIAmD0i9CIEvExonQ\/videos\"]}]}<\/script>\n<!-- \/ Yoast SEO plugin. -->","yoast_head_json":{"title":"Katal\u00f3g - Eugen Chocolate","robots":{"index":"index","follow":"follow","max-snippet":"max-snippet:-1","max-image-preview":"max-image-preview:large","max-video-preview":"max-video-preview:-1"},"canonical":"https:\/\/eugenchocolate.com\/sk\/katalog-2\/","og_locale":"sk_SK","og_type":"article","og_title":"Katal\u00f3g - Eugen Chocolate","og_description":"Eugen Chocolate Katal\u00f3g firemn\u00fdch dar\u010dekov &#8211; SLOVAKIA Eugen Chocolate Corporate Gift Catalogue &#8211; ENGLISH","og_url":"https:\/\/eugenchocolate.com\/sk\/katalog-2\/","og_site_name":"Eugen Chocolate","article_publisher":"https:\/\/www.facebook.com\/eugenchocolate\/","article_modified_time":"2024-10-10T13:46:18+00:00","og_image":[{"width":1000,"height":1000,"url":"https:\/\/eugenchocolate.com\/wp-content\/uploads\/2021\/03\/harmony-lux-2023-online-1.jpg","type":"image\/jpeg"}],"twitter_card":"summary_large_image","twitter_misc":{"Predpokladan\u00fd \u010das \u010d\u00edtania":"1 min\u00fata"},"schema":{"@context":"https:\/\/schema.org","@graph":[{"@type":"WebPage","@id":"https:\/\/eugenchocolate.com\/sk\/katalog-2\/","url":"https:\/\/eugenchocolate.com\/sk\/katalog-2\/","name":"Katal\u00f3g - Eugen Chocolate","isPartOf":{"@id":"https:\/\/eugenchocolate.com\/sk\/#website"},"primaryImageOfPage":{"@id":"https:\/\/eugenchocolate.com\/sk\/katalog-2\/#primaryimage"},"image":{"@id":"https:\/\/eugenchocolate.com\/sk\/katalog-2\/#primaryimage"},"thumbnailUrl":"https:\/\/eugenchocolate.com\/wp-content\/uploads\/2021\/03\/harmony-lux-2023-online-1.jpg","datePublished":"2024-05-17T11:37:46+00:00","dateModified":"2024-10-10T13:46:18+00:00","breadcrumb":{"@id":"https:\/\/eugenchocolate.com\/sk\/katalog-2\/#breadcrumb"},"inLanguage":"sk-SK","potentialAction":[{"@type":"ReadAction","target":["https:\/\/eugenchocolate.com\/sk\/katalog-2\/"]}]},{"@type":"ImageObject","inLanguage":"sk-SK","@id":"https:\/\/eugenchocolate.com\/sk\/katalog-2\/#primaryimage","url":"https:\/\/eugenchocolate.com\/wp-content\/uploads\/2021\/03\/harmony-lux-2023-online-1.jpg","contentUrl":"https:\/\/eugenchocolate.com\/wp-content\/uploads\/2021\/03\/harmony-lux-2023-online-1.jpg"},{"@type":"BreadcrumbList","@id":"https:\/\/eugenchocolate.com\/sk\/katalog-2\/#breadcrumb","itemListElement":[{"@type":"ListItem","position":1,"name":"Domov","item":"https:\/\/eugenchocolate.com\/sk\/"},{"@type":"ListItem","position":2,"name":"Katal\u00f3g"}]},{"@type":"WebSite","@id":"https:\/\/eugenchocolate.com\/sk\/#website","url":"https:\/\/eugenchocolate.com\/sk\/","name":"Eugen Chocolate","description":"The finest handcrafted chocolates","publisher":{"@id":"https:\/\/eugenchocolate.com\/sk\/#organization"},"potentialAction":[{"@type":"SearchAction","target":{"@type":"EntryPoint","urlTemplate":"https:\/\/eugenchocolate.com\/sk\/?s={search_term_string}"},"query-input":{"@type":"PropertyValueSpecification","valueRequired":true,"valueName":"search_term_string"}}],"inLanguage":"sk-SK"},{"@type":"Organization","@id":"https:\/\/eugenchocolate.com\/sk\/#organization","name":"Eugen Chocolate","url":"https:\/\/eugenchocolate.com\/sk\/","logo":{"@type":"ImageObject","inLanguage":"sk-SK","@id":"https:\/\/eugenchocolate.com\/sk\/#\/schema\/logo\/image\/","url":"https:\/\/eugenchocolate.com\/wp-content\/uploads\/2021\/03\/Eugen-logo.png","contentUrl":"https:\/\/eugenchocolate.com\/wp-content\/uploads\/2021\/03\/Eugen-logo.png","width":105,"height":105,"caption":"Eugen Chocolate"},"image":{"@id":"https:\/\/eugenchocolate.com\/sk\/#\/schema\/logo\/image\/"},"sameAs":["https:\/\/www.facebook.com\/eugenchocolate\/","https:\/\/www.instagram.com\/eugen_chocolate\/?hl=en","https:\/\/www.youtube.com\/channel\/UCn5LHfsIAmD0i9CIEvExonQ\/videos"]}]}},"_links":{"self":[{"href":"https:\/\/eugenchocolate.com\/sk\/wp-json\/wp\/v2\/pages\/29016","targetHints":{"allow":["GET"]}}],"collection":[{"href":"https:\/\/eugenchocolate.com\/sk\/wp-json\/wp\/v2\/pages"}],"about":[{"href":"https:\/\/eugenchocolate.com\/sk\/wp-json\/wp\/v2\/types\/page"}],"author":[{"embeddable":true,"href":"https:\/\/eugenchocolate.com\/sk\/wp-json\/wp\/v2\/users\/7"}],"replies":[{"embeddable":true,"href":"https:\/\/eugenchocolate.com\/sk\/wp-json\/wp\/v2\/comments?post=29016"}],"version-history":[{"count":3,"href":"https:\/\/eugenchocolate.com\/sk\/wp-json\/wp\/v2\/pages\/29016\/revisions"}],"predecessor-version":[{"id":29019,"href":"https:\/\/eugenchocolate.com\/sk\/wp-json\/wp\/v2\/pages\/29016\/revisions\/29019"}],"wp:attachment":[{"href":"https:\/\/eugenchocolate.com\/sk\/wp-json\/wp\/v2\/media?parent=29016"}],"curies":[{"name":"wp","href":"https:\/\/api.w.org\/{rel}","templated":true}]}}