{"id":17449,"date":"2021-03-24T16:41:07","date_gmt":"2021-03-24T14:41:07","guid":{"rendered":"https:\/\/eugenchocolate.com\/katalog\/"},"modified":"2026-03-19T13:28:41","modified_gmt":"2026-03-19T11:28:41","slug":"katalogus","status":"publish","type":"page","link":"https:\/\/eugenchocolate.com\/hu\/katalogus\/","title":{"rendered":"Katal\u00f3gus"},"content":{"rendered":"\t\t<div data-elementor-type=\"wp-page\" data-elementor-id=\"17449\" class=\"elementor elementor-17449 elementor-9520\">\n\t\t\t\t\t\t<section class=\"wd-negative-gap elementor-section elementor-top-section elementor-element elementor-element-27f26a0 elementor-section-boxed elementor-section-height-default elementor-section-height-default\" data-id=\"27f26a0\" data-element_type=\"section\" data-e-type=\"section\">\n\t\t\t\t\t\t<div class=\"elementor-container elementor-column-gap-default\">\n\t\t\t\t\t<div class=\"elementor-column elementor-col-100 elementor-top-column elementor-element elementor-element-bd01ef7\" data-id=\"bd01ef7\" data-element_type=\"column\" data-e-type=\"column\">\n\t\t\t<div class=\"elementor-widget-wrap elementor-element-populated\">\n\t\t\t\t\t\t<div class=\"elementor-element elementor-element-bff641d elementor-position-left elementor-vertical-align-middle elementor-widget elementor-widget-image-box\" data-id=\"bff641d\" data-element_type=\"widget\" data-e-type=\"widget\" data-widget_type=\"image-box.default\">\n\t\t\t\t<div class=\"elementor-widget-container\">\n\t\t\t\t\t<div class=\"elementor-image-box-wrapper\"><figure class=\"elementor-image-box-img\"><a href=\"https:\/\/eugenchocolate.com\/wp-content\/uploads\/2026\/03\/Eugen-Corporate-Gift-Catalogue-2026-HU-online.pdf\" tabindex=\"-1\"><img loading=\"lazy\" decoding=\"async\" width=\"1000\" height=\"1000\" src=\"https:\/\/eugenchocolate.com\/wp-content\/uploads\/2021\/03\/harmony-lux-2023-online-1.jpg\" class=\"elementor-animation-grow attachment-full size-full wp-image-22172\" alt=\"Harmony lux\" srcset=\"https:\/\/eugenchocolate.com\/wp-content\/uploads\/2021\/03\/harmony-lux-2023-online-1.jpg 1000w, https:\/\/eugenchocolate.com\/wp-content\/uploads\/2021\/03\/harmony-lux-2023-online-1-300x300.webp 300w, https:\/\/eugenchocolate.com\/wp-content\/uploads\/2021\/03\/harmony-lux-2023-online-1-150x150.webp 150w, https:\/\/eugenchocolate.com\/wp-content\/uploads\/2021\/03\/harmony-lux-2023-online-1-768x768.webp 768w, https:\/\/eugenchocolate.com\/wp-content\/uploads\/2021\/03\/harmony-lux-2023-online-1-600x600.webp 600w\" sizes=\"auto, (max-width: 1000px) 100vw, 1000px\" \/><\/a><\/figure><div class=\"elementor-image-box-content\"><h2 class=\"elementor-image-box-title\"><a href=\"https:\/\/eugenchocolate.com\/wp-content\/uploads\/2026\/03\/Eugen-Corporate-Gift-Catalogue-2026-HU-online.pdf\">Eugen Chocolate c\u00e9ges aj\u00e1nd\u00e9kok katal\u00f3gusa- MAGYAR<\/a><\/h2><\/div><\/div>\t\t\t\t<\/div>\n\t\t\t\t<\/div>\n\t\t\t\t\t<\/div>\n\t\t<\/div>\n\t\t\t\t\t<\/div>\n\t\t<\/section>\n\t\t\t\t<section class=\"wd-negative-gap elementor-section elementor-top-section elementor-element elementor-element-155b563 elementor-section-boxed elementor-section-height-default elementor-section-height-default\" data-id=\"155b563\" data-element_type=\"section\" data-e-type=\"section\">\n\t\t\t\t\t\t<div class=\"elementor-container elementor-column-gap-default\">\n\t\t\t\t\t<div class=\"elementor-column elementor-col-100 elementor-top-column elementor-element elementor-element-7ff5a24\" data-id=\"7ff5a24\" data-element_type=\"column\" data-e-type=\"column\">\n\t\t\t<div class=\"elementor-widget-wrap elementor-element-populated\">\n\t\t\t\t\t\t<div class=\"elementor-element elementor-element-532d99d elementor-position-left elementor-vertical-align-middle elementor-widget elementor-widget-image-box\" data-id=\"532d99d\" data-element_type=\"widget\" data-e-type=\"widget\" data-widget_type=\"image-box.default\">\n\t\t\t\t<div class=\"elementor-widget-container\">\n\t\t\t\t\t<div class=\"elementor-image-box-wrapper\"><figure class=\"elementor-image-box-img\"><a href=\"https:\/\/eugenchocolate.com\/wp-content\/uploads\/2024\/09\/Novogodisnji-mini-katalog-2025-HU-compress.pdf\" tabindex=\"-1\"><img loading=\"lazy\" decoding=\"async\" width=\"1200\" height=\"1200\" src=\"https:\/\/eugenchocolate.com\/wp-content\/uploads\/2024\/09\/The-Christmas-Collection-2025-pocetna1.jpg\" class=\"elementor-animation-grow attachment-full size-full wp-image-29560\" alt=\"\" srcset=\"https:\/\/eugenchocolate.com\/wp-content\/uploads\/2024\/09\/The-Christmas-Collection-2025-pocetna1.jpg 1200w, https:\/\/eugenchocolate.com\/wp-content\/uploads\/2024\/09\/The-Christmas-Collection-2025-pocetna1-300x300.jpg 300w, https:\/\/eugenchocolate.com\/wp-content\/uploads\/2024\/09\/The-Christmas-Collection-2025-pocetna1-150x150.jpg 150w, https:\/\/eugenchocolate.com\/wp-content\/uploads\/2024\/09\/The-Christmas-Collection-2025-pocetna1-768x768.jpg 768w, https:\/\/eugenchocolate.com\/wp-content\/uploads\/2024\/09\/The-Christmas-Collection-2025-pocetna1-600x600.jpg 600w\" sizes=\"auto, (max-width: 1200px) 100vw, 1200px\" \/><\/a><\/figure><div class=\"elementor-image-box-content\"><h2 class=\"elementor-image-box-title\"><a href=\"https:\/\/eugenchocolate.com\/wp-content\/uploads\/2024\/09\/Novogodisnji-mini-katalog-2025-HU-compress.pdf\">EUGEN CHOCOLATE -KAR\u00c1CSONYI KATAL\u00d3GUS <\/a><\/h2><\/div><\/div>\t\t\t\t<\/div>\n\t\t\t\t<\/div>\n\t\t\t\t\t<\/div>\n\t\t<\/div>\n\t\t\t\t\t<\/div>\n\t\t<\/section>\n\t\t\t\t<section class=\"wd-negative-gap elementor-section elementor-top-section elementor-element elementor-element-78b6cf1 elementor-section-boxed elementor-section-height-default elementor-section-height-default\" data-id=\"78b6cf1\" data-element_type=\"section\" data-e-type=\"section\">\n\t\t\t\t\t\t<div class=\"elementor-container elementor-column-gap-default\">\n\t\t\t\t\t<div class=\"elementor-column elementor-col-100 elementor-top-column elementor-element elementor-element-2f0ddeb\" data-id=\"2f0ddeb\" data-element_type=\"column\" data-e-type=\"column\">\n\t\t\t<div class=\"elementor-widget-wrap\">\n\t\t\t\t\t\t\t<\/div>\n\t\t<\/div>\n\t\t\t\t\t<\/div>\n\t\t<\/section>\n\t\t\t\t<\/div>\n\t\t","protected":false},"excerpt":{"rendered":"<p>Eugen Chocolate c\u00e9ges aj\u00e1nd\u00e9kok katal\u00f3gusa- MAGYAR EUGEN CHOCOLATE -KAR\u00c1CSONYI KATAL\u00d3GUS<\/p>\n","protected":false},"author":1,"featured_media":22172,"parent":0,"menu_order":0,"comment_status":"closed","ping_status":"closed","template":"","meta":{"_monsterinsights_skip_tracking":false,"_monsterinsights_sitenote_active":false,"_monsterinsights_sitenote_note":"","_monsterinsights_sitenote_category":0,"footnotes":""},"class_list":["post-17449","page","type-page","status-publish","has-post-thumbnail","hentry"],"yoast_head":"<!-- This site is optimized with the Yoast SEO plugin v27.2 - https:\/\/yoast.com\/product\/yoast-seo-wordpress\/ -->\n<title>Katalog | Eugen Chocolate<\/title>\n<meta name=\"description\" content=\"Pogledajte koje \u010dokolade imamo u ponudi i izaberite onu koja vam se najvi\u0161e dopada!\" \/>\n<meta name=\"robots\" content=\"index, follow, max-snippet:-1, max-image-preview:large, max-video-preview:-1\" \/>\n<link rel=\"canonical\" href=\"https:\/\/eugenchocolate.com\/hu\/katalogus\/\" \/>\n<meta property=\"og:locale\" content=\"hu_HU\" \/>\n<meta property=\"og:type\" content=\"article\" \/>\n<meta property=\"og:title\" content=\"Katalog | Eugen Chocolate\" \/>\n<meta property=\"og:description\" content=\"Pogledajte koje \u010dokolade imamo u ponudi i izaberite onu koja vam se najvi\u0161e dopada!\" \/>\n<meta property=\"og:url\" content=\"https:\/\/eugenchocolate.com\/hu\/katalogus\/\" \/>\n<meta property=\"og:site_name\" content=\"Eugen Chocolate\" \/>\n<meta property=\"article:publisher\" content=\"https:\/\/www.facebook.com\/eugenchocolate\/\" \/>\n<meta property=\"article:modified_time\" content=\"2026-03-19T11:28:41+00:00\" \/>\n<meta property=\"og:image\" content=\"https:\/\/eugenchocolate.com\/wp-content\/uploads\/2021\/04\/10-Mind-Heart-Gift-Box-270g-01-1.jpg\" \/>\n\t<meta property=\"og:image:width\" content=\"1200\" \/>\n\t<meta property=\"og:image:height\" content=\"800\" \/>\n\t<meta property=\"og:image:type\" content=\"image\/jpeg\" \/>\n<meta name=\"twitter:card\" content=\"summary_large_image\" \/>\n<meta name=\"twitter:label1\" content=\"Becs\u00fclt olvas\u00e1si id\u0151\" \/>\n\t<meta name=\"twitter:data1\" content=\"1 perc\" \/>\n<script type=\"application\/ld+json\" class=\"yoast-schema-graph\">{\"@context\":\"https:\/\/schema.org\",\"@graph\":[{\"@type\":\"WebPage\",\"@id\":\"https:\/\/eugenchocolate.com\/hu\/katalogus\/\",\"url\":\"https:\/\/eugenchocolate.com\/hu\/katalogus\/\",\"name\":\"Katalog | Eugen Chocolate\",\"isPartOf\":{\"@id\":\"https:\/\/eugenchocolate.com\/hu\/#website\"},\"primaryImageOfPage\":{\"@id\":\"https:\/\/eugenchocolate.com\/hu\/katalogus\/#primaryimage\"},\"image\":{\"@id\":\"https:\/\/eugenchocolate.com\/hu\/katalogus\/#primaryimage\"},\"thumbnailUrl\":\"https:\/\/eugenchocolate.com\/wp-content\/uploads\/2021\/03\/harmony-lux-2023-online-1.jpg\",\"datePublished\":\"2021-03-24T14:41:07+00:00\",\"dateModified\":\"2026-03-19T11:28:41+00:00\",\"description\":\"Pogledajte koje \u010dokolade imamo u ponudi i izaberite onu koja vam se najvi\u0161e dopada!\",\"breadcrumb\":{\"@id\":\"https:\/\/eugenchocolate.com\/hu\/katalogus\/#breadcrumb\"},\"inLanguage\":\"hu\",\"potentialAction\":[{\"@type\":\"ReadAction\",\"target\":[\"https:\/\/eugenchocolate.com\/hu\/katalogus\/\"]}]},{\"@type\":\"ImageObject\",\"inLanguage\":\"hu\",\"@id\":\"https:\/\/eugenchocolate.com\/hu\/katalogus\/#primaryimage\",\"url\":\"https:\/\/eugenchocolate.com\/wp-content\/uploads\/2021\/03\/harmony-lux-2023-online-1.jpg\",\"contentUrl\":\"https:\/\/eugenchocolate.com\/wp-content\/uploads\/2021\/03\/harmony-lux-2023-online-1.jpg\",\"width\":1000,\"height\":1000,\"caption\":\"Harmony lux\"},{\"@type\":\"BreadcrumbList\",\"@id\":\"https:\/\/eugenchocolate.com\/hu\/katalogus\/#breadcrumb\",\"itemListElement\":[{\"@type\":\"ListItem\",\"position\":1,\"name\":\"Kezd\u0151lap\",\"item\":\"https:\/\/eugenchocolate.com\/hu\/\"},{\"@type\":\"ListItem\",\"position\":2,\"name\":\"Katal\u00f3gus\"}]},{\"@type\":\"WebSite\",\"@id\":\"https:\/\/eugenchocolate.com\/hu\/#website\",\"url\":\"https:\/\/eugenchocolate.com\/hu\/\",\"name\":\"Eugen Chocolate\",\"description\":\"The finest handcrafted chocolates\",\"publisher\":{\"@id\":\"https:\/\/eugenchocolate.com\/hu\/#organization\"},\"potentialAction\":[{\"@type\":\"SearchAction\",\"target\":{\"@type\":\"EntryPoint\",\"urlTemplate\":\"https:\/\/eugenchocolate.com\/hu\/?s={search_term_string}\"},\"query-input\":{\"@type\":\"PropertyValueSpecification\",\"valueRequired\":true,\"valueName\":\"search_term_string\"}}],\"inLanguage\":\"hu\"},{\"@type\":\"Organization\",\"@id\":\"https:\/\/eugenchocolate.com\/hu\/#organization\",\"name\":\"Eugen Chocolate\",\"url\":\"https:\/\/eugenchocolate.com\/hu\/\",\"logo\":{\"@type\":\"ImageObject\",\"inLanguage\":\"hu\",\"@id\":\"https:\/\/eugenchocolate.com\/hu\/#\/schema\/logo\/image\/\",\"url\":\"https:\/\/eugenchocolate.com\/wp-content\/uploads\/2021\/03\/Eugen-logo.png\",\"contentUrl\":\"https:\/\/eugenchocolate.com\/wp-content\/uploads\/2021\/03\/Eugen-logo.png\",\"width\":105,\"height\":105,\"caption\":\"Eugen Chocolate\"},\"image\":{\"@id\":\"https:\/\/eugenchocolate.com\/hu\/#\/schema\/logo\/image\/\"},\"sameAs\":[\"https:\/\/www.facebook.com\/eugenchocolate\/\",\"https:\/\/www.instagram.com\/eugen_chocolate\/?hl=en\",\"https:\/\/www.youtube.com\/channel\/UCn5LHfsIAmD0i9CIEvExonQ\/videos\"]}]}<\/script>\n<!-- \/ Yoast SEO plugin. -->","yoast_head_json":{"title":"Katalog | Eugen Chocolate","description":"Pogledajte koje \u010dokolade imamo u ponudi i izaberite onu koja vam se najvi\u0161e dopada!","robots":{"index":"index","follow":"follow","max-snippet":"max-snippet:-1","max-image-preview":"max-image-preview:large","max-video-preview":"max-video-preview:-1"},"canonical":"https:\/\/eugenchocolate.com\/hu\/katalogus\/","og_locale":"hu_HU","og_type":"article","og_title":"Katalog | Eugen Chocolate","og_description":"Pogledajte koje \u010dokolade imamo u ponudi i izaberite onu koja vam se najvi\u0161e dopada!","og_url":"https:\/\/eugenchocolate.com\/hu\/katalogus\/","og_site_name":"Eugen Chocolate","article_publisher":"https:\/\/www.facebook.com\/eugenchocolate\/","article_modified_time":"2026-03-19T11:28:41+00:00","og_image":[{"width":1200,"height":800,"url":"https:\/\/eugenchocolate.com\/wp-content\/uploads\/2021\/04\/10-Mind-Heart-Gift-Box-270g-01-1.jpg","type":"image\/jpeg"}],"twitter_card":"summary_large_image","twitter_misc":{"Becs\u00fclt olvas\u00e1si id\u0151":"1 perc"},"schema":{"@context":"https:\/\/schema.org","@graph":[{"@type":"WebPage","@id":"https:\/\/eugenchocolate.com\/hu\/katalogus\/","url":"https:\/\/eugenchocolate.com\/hu\/katalogus\/","name":"Katalog | Eugen Chocolate","isPartOf":{"@id":"https:\/\/eugenchocolate.com\/hu\/#website"},"primaryImageOfPage":{"@id":"https:\/\/eugenchocolate.com\/hu\/katalogus\/#primaryimage"},"image":{"@id":"https:\/\/eugenchocolate.com\/hu\/katalogus\/#primaryimage"},"thumbnailUrl":"https:\/\/eugenchocolate.com\/wp-content\/uploads\/2021\/03\/harmony-lux-2023-online-1.jpg","datePublished":"2021-03-24T14:41:07+00:00","dateModified":"2026-03-19T11:28:41+00:00","description":"Pogledajte koje \u010dokolade imamo u ponudi i izaberite onu koja vam se najvi\u0161e dopada!","breadcrumb":{"@id":"https:\/\/eugenchocolate.com\/hu\/katalogus\/#breadcrumb"},"inLanguage":"hu","potentialAction":[{"@type":"ReadAction","target":["https:\/\/eugenchocolate.com\/hu\/katalogus\/"]}]},{"@type":"ImageObject","inLanguage":"hu","@id":"https:\/\/eugenchocolate.com\/hu\/katalogus\/#primaryimage","url":"https:\/\/eugenchocolate.com\/wp-content\/uploads\/2021\/03\/harmony-lux-2023-online-1.jpg","contentUrl":"https:\/\/eugenchocolate.com\/wp-content\/uploads\/2021\/03\/harmony-lux-2023-online-1.jpg","width":1000,"height":1000,"caption":"Harmony lux"},{"@type":"BreadcrumbList","@id":"https:\/\/eugenchocolate.com\/hu\/katalogus\/#breadcrumb","itemListElement":[{"@type":"ListItem","position":1,"name":"Kezd\u0151lap","item":"https:\/\/eugenchocolate.com\/hu\/"},{"@type":"ListItem","position":2,"name":"Katal\u00f3gus"}]},{"@type":"WebSite","@id":"https:\/\/eugenchocolate.com\/hu\/#website","url":"https:\/\/eugenchocolate.com\/hu\/","name":"Eugen Chocolate","description":"The finest handcrafted chocolates","publisher":{"@id":"https:\/\/eugenchocolate.com\/hu\/#organization"},"potentialAction":[{"@type":"SearchAction","target":{"@type":"EntryPoint","urlTemplate":"https:\/\/eugenchocolate.com\/hu\/?s={search_term_string}"},"query-input":{"@type":"PropertyValueSpecification","valueRequired":true,"valueName":"search_term_string"}}],"inLanguage":"hu"},{"@type":"Organization","@id":"https:\/\/eugenchocolate.com\/hu\/#organization","name":"Eugen Chocolate","url":"https:\/\/eugenchocolate.com\/hu\/","logo":{"@type":"ImageObject","inLanguage":"hu","@id":"https:\/\/eugenchocolate.com\/hu\/#\/schema\/logo\/image\/","url":"https:\/\/eugenchocolate.com\/wp-content\/uploads\/2021\/03\/Eugen-logo.png","contentUrl":"https:\/\/eugenchocolate.com\/wp-content\/uploads\/2021\/03\/Eugen-logo.png","width":105,"height":105,"caption":"Eugen Chocolate"},"image":{"@id":"https:\/\/eugenchocolate.com\/hu\/#\/schema\/logo\/image\/"},"sameAs":["https:\/\/www.facebook.com\/eugenchocolate\/","https:\/\/www.instagram.com\/eugen_chocolate\/?hl=en","https:\/\/www.youtube.com\/channel\/UCn5LHfsIAmD0i9CIEvExonQ\/videos"]}]}},"_links":{"self":[{"href":"https:\/\/eugenchocolate.com\/hu\/wp-json\/wp\/v2\/pages\/17449","targetHints":{"allow":["GET"]}}],"collection":[{"href":"https:\/\/eugenchocolate.com\/hu\/wp-json\/wp\/v2\/pages"}],"about":[{"href":"https:\/\/eugenchocolate.com\/hu\/wp-json\/wp\/v2\/types\/page"}],"author":[{"embeddable":true,"href":"https:\/\/eugenchocolate.com\/hu\/wp-json\/wp\/v2\/users\/1"}],"replies":[{"embeddable":true,"href":"https:\/\/eugenchocolate.com\/hu\/wp-json\/wp\/v2\/comments?post=17449"}],"version-history":[{"count":62,"href":"https:\/\/eugenchocolate.com\/hu\/wp-json\/wp\/v2\/pages\/17449\/revisions"}],"predecessor-version":[{"id":30584,"href":"https:\/\/eugenchocolate.com\/hu\/wp-json\/wp\/v2\/pages\/17449\/revisions\/30584"}],"wp:featuredmedia":[{"embeddable":true,"href":"https:\/\/eugenchocolate.com\/hu\/wp-json\/wp\/v2\/media\/22172"}],"wp:attachment":[{"href":"https:\/\/eugenchocolate.com\/hu\/wp-json\/wp\/v2\/media?parent=17449"}],"curies":[{"name":"wp","href":"https:\/\/api.w.org\/{rel}","templated":true}]}}