{"id":22956,"date":"2023-05-09T12:21:06","date_gmt":"2023-05-09T10:21:06","guid":{"rendered":"https:\/\/eugenchocolate.com\/online-shop\/uncategorized\/vintage-poscard-from-old-serbia\/"},"modified":"2024-05-20T13:24:49","modified_gmt":"2024-05-20T11:24:49","slug":"vintage-poscard-from-old-serbia","status":"publish","type":"product","link":"https:\/\/eugenchocolate.com\/en\/online-shop\/chocolate\/vintage-poscard-from-old-serbia\/","title":{"rendered":"Vintage Postcard from old Serbia"},"content":{"rendered":"<p>The souvenir packaging features motifs that embody the spirit and authenticity of traditional Serbia.<br \/>\nThe box is crafted from high-quality cardboard and covered with a full-color, matte plasticized print.<\/p>\n<p>Inside, you&#8217;ll find nine individual dark chocolate bars infused with plum and cinnamon flavor.<\/p>\n<p>Shelf life: 12 months.<\/p>\n","protected":false},"excerpt":{"rendered":"<p>The souvenir packaging features motifs that embody the spirit and authenticity of traditional Serbia.<br \/>\nThe box is crafted from high-quality cardboard and covered with a full-color, matte plasticized print.<\/p>\n<p>Inside, you&#8217;ll find nine individual dark chocolate bars infused with plum and cinnamon flavor.<\/p>\n<p>Shelf life: 12 months.<\/p>\n","protected":false},"featured_media":22846,"template":"","meta":{"_monsterinsights_skip_tracking":false,"_monsterinsights_sitenote_active":false,"_monsterinsights_sitenote_note":"","_monsterinsights_sitenote_category":0},"product_brand":[],"product_cat":[189,190],"product_tag":[413,167,188],"class_list":{"0":"post-22956","1":"product","2":"type-product","3":"status-publish","4":"has-post-thumbnail","6":"product_cat-chocolate","7":"product_cat-souvenir","8":"product_tag-cimet-en","9":"product_tag-dark-chocolate","10":"product_tag-plum","11":"pa_vrsta-cokolade-chocolate","12":"pa_vrsta-pakovanja-cardboard","13":"pa_vrsta-pakovanja-souvenir","15":"first","16":"instock","17":"shipping-taxable","18":"purchasable","19":"product-type-simple"},"yoast_head":"<!-- This site is optimized with the Yoast SEO plugin v27.2 - https:\/\/yoast.com\/product\/yoast-seo-wordpress\/ -->\n<title>Vintage Postcard from old Serbia - Eugen Chocolate<\/title>\n<meta name=\"description\" content=\"Suvenirsko pakovanje \u010dokolade koje prezentuje duh i autenti\u010dnost nekada\u0161nje Srbije.\" \/>\n<meta name=\"robots\" content=\"index, follow, max-snippet:-1, max-image-preview:large, max-video-preview:-1\" \/>\n<link rel=\"canonical\" href=\"https:\/\/eugenchocolate.com\/en\/online-shop\/chocolate\/vintage-poscard-from-old-serbia\/\" \/>\n<meta property=\"og:locale\" content=\"en_US\" \/>\n<meta property=\"og:type\" content=\"article\" \/>\n<meta property=\"og:title\" content=\"Vintage Postcard from old Serbia - Eugen Chocolate\" \/>\n<meta property=\"og:description\" content=\"Suvenirsko pakovanje \u010dokolade koje prezentuje duh i autenti\u010dnost nekada\u0161nje Srbije.\" \/>\n<meta property=\"og:url\" content=\"https:\/\/eugenchocolate.com\/en\/online-shop\/chocolate\/vintage-poscard-from-old-serbia\/\" \/>\n<meta property=\"og:site_name\" content=\"Eugen Chocolate\" \/>\n<meta property=\"article:publisher\" content=\"https:\/\/www.facebook.com\/eugenchocolate\/\" \/>\n<meta property=\"article:modified_time\" content=\"2024-05-20T11:24:49+00:00\" \/>\n<meta property=\"og:image\" content=\"https:\/\/eugenchocolate.com\/wp-content\/uploads\/2023\/04\/DSC_6975-copy-scaled.webp\" \/>\n\t<meta property=\"og:image:width\" content=\"2560\" \/>\n\t<meta property=\"og:image:height\" content=\"1707\" \/>\n\t<meta property=\"og:image:type\" content=\"image\/jpeg\" \/>\n<meta name=\"twitter:card\" content=\"summary_large_image\" \/>\n<meta name=\"twitter:label1\" content=\"Est. reading time\" \/>\n\t<meta name=\"twitter:data1\" content=\"1 minute\" \/>\n<script type=\"application\/ld+json\" class=\"yoast-schema-graph\">{\"@context\":\"https:\/\/schema.org\",\"@graph\":[{\"@type\":\"WebPage\",\"@id\":\"https:\/\/eugenchocolate.com\/en\/online-shop\/chocolate\/vintage-poscard-from-old-serbia\/\",\"url\":\"https:\/\/eugenchocolate.com\/en\/online-shop\/chocolate\/vintage-poscard-from-old-serbia\/\",\"name\":\"Vintage Postcard from old Serbia - Eugen Chocolate\",\"isPartOf\":{\"@id\":\"https:\/\/eugenchocolate.com\/en\/#website\"},\"primaryImageOfPage\":{\"@id\":\"https:\/\/eugenchocolate.com\/en\/online-shop\/chocolate\/vintage-poscard-from-old-serbia\/#primaryimage\"},\"image\":{\"@id\":\"https:\/\/eugenchocolate.com\/en\/online-shop\/chocolate\/vintage-poscard-from-old-serbia\/#primaryimage\"},\"thumbnailUrl\":\"https:\/\/eugenchocolate.com\/wp-content\/uploads\/2023\/04\/DSC_6975-copy-scaled.webp\",\"datePublished\":\"2023-05-09T10:21:06+00:00\",\"dateModified\":\"2024-05-20T11:24:49+00:00\",\"description\":\"Suvenirsko pakovanje \u010dokolade koje prezentuje duh i autenti\u010dnost nekada\u0161nje Srbije.\",\"breadcrumb\":{\"@id\":\"https:\/\/eugenchocolate.com\/en\/online-shop\/chocolate\/vintage-poscard-from-old-serbia\/#breadcrumb\"},\"inLanguage\":\"en-US\",\"potentialAction\":[{\"@type\":\"ReadAction\",\"target\":[\"https:\/\/eugenchocolate.com\/en\/online-shop\/chocolate\/vintage-poscard-from-old-serbia\/\"]}]},{\"@type\":\"ImageObject\",\"inLanguage\":\"en-US\",\"@id\":\"https:\/\/eugenchocolate.com\/en\/online-shop\/chocolate\/vintage-poscard-from-old-serbia\/#primaryimage\",\"url\":\"https:\/\/eugenchocolate.com\/wp-content\/uploads\/2023\/04\/DSC_6975-copy-scaled.webp\",\"contentUrl\":\"https:\/\/eugenchocolate.com\/wp-content\/uploads\/2023\/04\/DSC_6975-copy-scaled.webp\",\"width\":2560,\"height\":1707,\"caption\":\"vintage postcard from serbia\"},{\"@type\":\"BreadcrumbList\",\"@id\":\"https:\/\/eugenchocolate.com\/en\/online-shop\/chocolate\/vintage-poscard-from-old-serbia\/#breadcrumb\",\"itemListElement\":[{\"@type\":\"ListItem\",\"position\":1,\"name\":\"Po\u010detna\",\"item\":\"https:\/\/eugenchocolate.com\/en\/\"},{\"@type\":\"ListItem\",\"position\":2,\"name\":\"Online Shop\",\"item\":\"https:\/\/eugenchocolate.com\/en\/online-shop\/\"},{\"@type\":\"ListItem\",\"position\":3,\"name\":\"Vintage Postcard from old Serbia\"}]},{\"@type\":\"WebSite\",\"@id\":\"https:\/\/eugenchocolate.com\/en\/#website\",\"url\":\"https:\/\/eugenchocolate.com\/en\/\",\"name\":\"Eugen Chocolate\",\"description\":\"The finest handcrafted chocolates\",\"publisher\":{\"@id\":\"https:\/\/eugenchocolate.com\/en\/#organization\"},\"potentialAction\":[{\"@type\":\"SearchAction\",\"target\":{\"@type\":\"EntryPoint\",\"urlTemplate\":\"https:\/\/eugenchocolate.com\/en\/?s={search_term_string}\"},\"query-input\":{\"@type\":\"PropertyValueSpecification\",\"valueRequired\":true,\"valueName\":\"search_term_string\"}}],\"inLanguage\":\"en-US\"},{\"@type\":\"Organization\",\"@id\":\"https:\/\/eugenchocolate.com\/en\/#organization\",\"name\":\"Eugen Chocolate\",\"url\":\"https:\/\/eugenchocolate.com\/en\/\",\"logo\":{\"@type\":\"ImageObject\",\"inLanguage\":\"en-US\",\"@id\":\"https:\/\/eugenchocolate.com\/en\/#\/schema\/logo\/image\/\",\"url\":\"https:\/\/eugenchocolate.com\/wp-content\/uploads\/2021\/03\/Eugen-logo.png\",\"contentUrl\":\"https:\/\/eugenchocolate.com\/wp-content\/uploads\/2021\/03\/Eugen-logo.png\",\"width\":105,\"height\":105,\"caption\":\"Eugen Chocolate\"},\"image\":{\"@id\":\"https:\/\/eugenchocolate.com\/en\/#\/schema\/logo\/image\/\"},\"sameAs\":[\"https:\/\/www.facebook.com\/eugenchocolate\/\",\"https:\/\/www.instagram.com\/eugen_chocolate\/?hl=en\",\"https:\/\/www.youtube.com\/channel\/UCn5LHfsIAmD0i9CIEvExonQ\/videos\"]}]}<\/script>\n<!-- \/ Yoast SEO plugin. -->","yoast_head_json":{"title":"Vintage Postcard from old Serbia - Eugen Chocolate","description":"Suvenirsko pakovanje \u010dokolade koje prezentuje duh i autenti\u010dnost nekada\u0161nje Srbije.","robots":{"index":"index","follow":"follow","max-snippet":"max-snippet:-1","max-image-preview":"max-image-preview:large","max-video-preview":"max-video-preview:-1"},"canonical":"https:\/\/eugenchocolate.com\/en\/online-shop\/chocolate\/vintage-poscard-from-old-serbia\/","og_locale":"en_US","og_type":"article","og_title":"Vintage Postcard from old Serbia - Eugen Chocolate","og_description":"Suvenirsko pakovanje \u010dokolade koje prezentuje duh i autenti\u010dnost nekada\u0161nje Srbije.","og_url":"https:\/\/eugenchocolate.com\/en\/online-shop\/chocolate\/vintage-poscard-from-old-serbia\/","og_site_name":"Eugen Chocolate","article_publisher":"https:\/\/www.facebook.com\/eugenchocolate\/","article_modified_time":"2024-05-20T11:24:49+00:00","og_image":[{"width":2560,"height":1707,"url":"https:\/\/eugenchocolate.com\/wp-content\/uploads\/2023\/04\/DSC_6975-copy-scaled.webp","type":"image\/jpeg"}],"twitter_card":"summary_large_image","twitter_misc":{"Est. reading time":"1 minute"},"schema":{"@context":"https:\/\/schema.org","@graph":[{"@type":"WebPage","@id":"https:\/\/eugenchocolate.com\/en\/online-shop\/chocolate\/vintage-poscard-from-old-serbia\/","url":"https:\/\/eugenchocolate.com\/en\/online-shop\/chocolate\/vintage-poscard-from-old-serbia\/","name":"Vintage Postcard from old Serbia - Eugen Chocolate","isPartOf":{"@id":"https:\/\/eugenchocolate.com\/en\/#website"},"primaryImageOfPage":{"@id":"https:\/\/eugenchocolate.com\/en\/online-shop\/chocolate\/vintage-poscard-from-old-serbia\/#primaryimage"},"image":{"@id":"https:\/\/eugenchocolate.com\/en\/online-shop\/chocolate\/vintage-poscard-from-old-serbia\/#primaryimage"},"thumbnailUrl":"https:\/\/eugenchocolate.com\/wp-content\/uploads\/2023\/04\/DSC_6975-copy-scaled.webp","datePublished":"2023-05-09T10:21:06+00:00","dateModified":"2024-05-20T11:24:49+00:00","description":"Suvenirsko pakovanje \u010dokolade koje prezentuje duh i autenti\u010dnost nekada\u0161nje Srbije.","breadcrumb":{"@id":"https:\/\/eugenchocolate.com\/en\/online-shop\/chocolate\/vintage-poscard-from-old-serbia\/#breadcrumb"},"inLanguage":"en-US","potentialAction":[{"@type":"ReadAction","target":["https:\/\/eugenchocolate.com\/en\/online-shop\/chocolate\/vintage-poscard-from-old-serbia\/"]}]},{"@type":"ImageObject","inLanguage":"en-US","@id":"https:\/\/eugenchocolate.com\/en\/online-shop\/chocolate\/vintage-poscard-from-old-serbia\/#primaryimage","url":"https:\/\/eugenchocolate.com\/wp-content\/uploads\/2023\/04\/DSC_6975-copy-scaled.webp","contentUrl":"https:\/\/eugenchocolate.com\/wp-content\/uploads\/2023\/04\/DSC_6975-copy-scaled.webp","width":2560,"height":1707,"caption":"vintage postcard from serbia"},{"@type":"BreadcrumbList","@id":"https:\/\/eugenchocolate.com\/en\/online-shop\/chocolate\/vintage-poscard-from-old-serbia\/#breadcrumb","itemListElement":[{"@type":"ListItem","position":1,"name":"Po\u010detna","item":"https:\/\/eugenchocolate.com\/en\/"},{"@type":"ListItem","position":2,"name":"Online Shop","item":"https:\/\/eugenchocolate.com\/en\/online-shop\/"},{"@type":"ListItem","position":3,"name":"Vintage Postcard from old Serbia"}]},{"@type":"WebSite","@id":"https:\/\/eugenchocolate.com\/en\/#website","url":"https:\/\/eugenchocolate.com\/en\/","name":"Eugen Chocolate","description":"The finest handcrafted chocolates","publisher":{"@id":"https:\/\/eugenchocolate.com\/en\/#organization"},"potentialAction":[{"@type":"SearchAction","target":{"@type":"EntryPoint","urlTemplate":"https:\/\/eugenchocolate.com\/en\/?s={search_term_string}"},"query-input":{"@type":"PropertyValueSpecification","valueRequired":true,"valueName":"search_term_string"}}],"inLanguage":"en-US"},{"@type":"Organization","@id":"https:\/\/eugenchocolate.com\/en\/#organization","name":"Eugen Chocolate","url":"https:\/\/eugenchocolate.com\/en\/","logo":{"@type":"ImageObject","inLanguage":"en-US","@id":"https:\/\/eugenchocolate.com\/en\/#\/schema\/logo\/image\/","url":"https:\/\/eugenchocolate.com\/wp-content\/uploads\/2021\/03\/Eugen-logo.png","contentUrl":"https:\/\/eugenchocolate.com\/wp-content\/uploads\/2021\/03\/Eugen-logo.png","width":105,"height":105,"caption":"Eugen Chocolate"},"image":{"@id":"https:\/\/eugenchocolate.com\/en\/#\/schema\/logo\/image\/"},"sameAs":["https:\/\/www.facebook.com\/eugenchocolate\/","https:\/\/www.instagram.com\/eugen_chocolate\/?hl=en","https:\/\/www.youtube.com\/channel\/UCn5LHfsIAmD0i9CIEvExonQ\/videos"]}]}},"_links":{"self":[{"href":"https:\/\/eugenchocolate.com\/en\/wp-json\/wp\/v2\/product\/22956","targetHints":{"allow":["GET"]}}],"collection":[{"href":"https:\/\/eugenchocolate.com\/en\/wp-json\/wp\/v2\/product"}],"about":[{"href":"https:\/\/eugenchocolate.com\/en\/wp-json\/wp\/v2\/types\/product"}],"version-history":[{"count":3,"href":"https:\/\/eugenchocolate.com\/en\/wp-json\/wp\/v2\/product\/22956\/revisions"}],"predecessor-version":[{"id":22959,"href":"https:\/\/eugenchocolate.com\/en\/wp-json\/wp\/v2\/product\/22956\/revisions\/22959"}],"wp:featuredmedia":[{"embeddable":true,"href":"https:\/\/eugenchocolate.com\/en\/wp-json\/wp\/v2\/media\/22846"}],"wp:attachment":[{"href":"https:\/\/eugenchocolate.com\/en\/wp-json\/wp\/v2\/media?parent=22956"}],"wp:term":[{"taxonomy":"product_brand","embeddable":true,"href":"https:\/\/eugenchocolate.com\/en\/wp-json\/wp\/v2\/product_brand?post=22956"},{"taxonomy":"product_cat","embeddable":true,"href":"https:\/\/eugenchocolate.com\/en\/wp-json\/wp\/v2\/product_cat?post=22956"},{"taxonomy":"product_tag","embeddable":true,"href":"https:\/\/eugenchocolate.com\/en\/wp-json\/wp\/v2\/product_tag?post=22956"}],"curies":[{"name":"wp","href":"https:\/\/api.w.org\/{rel}","templated":true}]}}