{"id":13277,"date":"2021-04-08T09:34:03","date_gmt":"2021-04-08T07:34:03","guid":{"rendered":"https:\/\/eugenchocolate.com\/product\/vintage-postcards-from-serbia-gift-box\/"},"modified":"2023-03-30T13:00:33","modified_gmt":"2023-03-30T11:00:33","slug":"vintage-postcards-from-serbia-gift-box","status":"publish","type":"product","link":"https:\/\/eugenchocolate.com\/en\/online-shop\/chocolate\/vintage-postcards-from-serbia-gift-box\/","title":{"rendered":"Vintage Postcards from Serbia Gift Box"},"content":{"rendered":"<p>The &#8220;Vintage Postcards from Serbia Gift Box&#8221; contains three packages of chocolates dedicated to old Serbia life.<br \/>\nOld postcards from Serbia will revive the spirit of old Serbia, and literary descriptions of famous writers Ivo Andri\u0107, Mika Anti\u0107 and Bora Stankovi\u0107 will awaken the memory of former cult places and the old spirit of Serbia.<\/p>\n<p>Chocolate flavors:<br \/>\nBELGRADE: White chocolate 32% Cocoa &#8211; Raspberry<br \/>\nNOVI SAD: Milk chocolate 35% Cocoa &#8211; Hazelnut<br \/>\nOLD SERBIA: Dark chocolate 61% Cocoa &#8211; Plum &amp; Cinnamon<\/p>\n<p>Shelf life of chocolate: 12 months.<\/p>\n","protected":false},"excerpt":{"rendered":"<p>The &#8220;Vintage Postcards from Serbia Gift Box&#8221; contains three packages of chocolates dedicated to old Serbia life.<br \/>\nOld postcards from Serbia will revive the spirit of old Serbia, and literary descriptions of famous writers Ivo Andri\u0107, Mika Anti\u0107 and Bora Stankovi\u0107 will awaken the memory of former cult places and the old spirit of Serbia.<\/p>\n<p>Chocolate flavors:<br \/>\nBELGRADE: White chocolate 32% Cocoa &#8211; Raspberry<br \/>\nNOVI SAD: Milk chocolate 35% Cocoa &#8211; Hazelnut<br \/>\nOLD SERBIA: Dark chocolate 61% Cocoa &#8211; Plum &amp; Cinnamon<\/p>\n<p>Shelf life of chocolate: 12 months.<\/p>\n","protected":false},"featured_media":22103,"template":"","meta":{"_monsterinsights_skip_tracking":false,"_monsterinsights_sitenote_active":false,"_monsterinsights_sitenote_note":"","_monsterinsights_sitenote_category":0},"product_brand":[],"product_cat":[205,189,190],"product_tag":[167,177,180,188,179,185,165],"class_list":{"0":"post-13277","1":"product","2":"type-product","3":"status-publish","4":"has-post-thumbnail","6":"product_cat-cardboard","7":"product_cat-chocolate","8":"product_cat-souvenir","9":"product_tag-dark-chocolate","10":"product_tag-hazelnut","11":"product_tag-milk-chocolate","12":"product_tag-plum","13":"product_tag-raspberry","14":"product_tag-speculaas","15":"product_tag-white-chocolate","16":"pa_vrsta-cokolade-chocolate","17":"pa_vrsta-pakovanja-cardboard","18":"pa_vrsta-pakovanja-souvenir","20":"first","21":"instock","22":"shipping-taxable","23":"purchasable","24":"product-type-simple"},"yoast_head":"<!-- This site is optimized with the Yoast SEO plugin v27.2 - https:\/\/yoast.com\/product\/yoast-seo-wordpress\/ -->\n<title>Vintage Postcards from Serbia Gift Box - Eugen Chocolate<\/title>\n<meta name=\"description\" content=\".Old postcards from Serbia will revive the spirit of old Serbia, and literary descriptions of famous writers Ivo Andri\u0107, Mika Anti\u0107, and Bora Stankovi\u0107 will awaken the memory of former cult places and the old spirit of Serbia\" \/>\n<meta name=\"robots\" content=\"index, follow, max-snippet:-1, max-image-preview:large, max-video-preview:-1\" \/>\n<link rel=\"canonical\" href=\"https:\/\/eugenchocolate.com\/en\/online-shop\/chocolate\/vintage-postcards-from-serbia-gift-box\/\" \/>\n<meta property=\"og:locale\" content=\"en_US\" \/>\n<meta property=\"og:type\" content=\"article\" \/>\n<meta property=\"og:title\" content=\"Vintage Postcards from Serbia Gift Box - Eugen Chocolate\" \/>\n<meta property=\"og:description\" content=\".Old postcards from Serbia will revive the spirit of old Serbia, and literary descriptions of famous writers Ivo Andri\u0107, Mika Anti\u0107, and Bora Stankovi\u0107 will awaken the memory of former cult places and the old spirit of Serbia\" \/>\n<meta property=\"og:url\" content=\"https:\/\/eugenchocolate.com\/en\/online-shop\/chocolate\/vintage-postcards-from-serbia-gift-box\/\" \/>\n<meta property=\"og:site_name\" content=\"Eugen Chocolate\" \/>\n<meta property=\"article:publisher\" content=\"https:\/\/www.facebook.com\/eugenchocolate\/\" \/>\n<meta property=\"article:modified_time\" content=\"2023-03-30T11:00:33+00:00\" \/>\n<meta property=\"og:image\" content=\"https:\/\/eugenchocolate.com\/wp-content\/uploads\/2021\/04\/DSC_6926-01-1-scaled.webp\" \/>\n\t<meta property=\"og:image:width\" content=\"2560\" \/>\n\t<meta property=\"og:image:height\" content=\"1706\" \/>\n\t<meta property=\"og:image:type\" content=\"image\/jpeg\" \/>\n<meta name=\"twitter:card\" content=\"summary_large_image\" \/>\n<script type=\"application\/ld+json\" class=\"yoast-schema-graph\">{\"@context\":\"https:\/\/schema.org\",\"@graph\":[{\"@type\":\"WebPage\",\"@id\":\"https:\/\/eugenchocolate.com\/en\/online-shop\/chocolate\/vintage-postcards-from-serbia-gift-box\/\",\"url\":\"https:\/\/eugenchocolate.com\/en\/online-shop\/chocolate\/vintage-postcards-from-serbia-gift-box\/\",\"name\":\"Vintage Postcards from Serbia Gift Box - Eugen Chocolate\",\"isPartOf\":{\"@id\":\"https:\/\/eugenchocolate.com\/en\/#website\"},\"primaryImageOfPage\":{\"@id\":\"https:\/\/eugenchocolate.com\/en\/online-shop\/chocolate\/vintage-postcards-from-serbia-gift-box\/#primaryimage\"},\"image\":{\"@id\":\"https:\/\/eugenchocolate.com\/en\/online-shop\/chocolate\/vintage-postcards-from-serbia-gift-box\/#primaryimage\"},\"thumbnailUrl\":\"https:\/\/eugenchocolate.com\/wp-content\/uploads\/2021\/04\/DSC_6926-01-1-scaled.webp\",\"datePublished\":\"2021-04-08T07:34:03+00:00\",\"dateModified\":\"2023-03-30T11:00:33+00:00\",\"description\":\".Old postcards from Serbia will revive the spirit of old Serbia, and literary descriptions of famous writers Ivo Andri\u0107, Mika Anti\u0107, and Bora Stankovi\u0107 will awaken the memory of former cult places and the old spirit of Serbia\",\"breadcrumb\":{\"@id\":\"https:\/\/eugenchocolate.com\/en\/online-shop\/chocolate\/vintage-postcards-from-serbia-gift-box\/#breadcrumb\"},\"inLanguage\":\"en-US\",\"potentialAction\":[{\"@type\":\"ReadAction\",\"target\":[\"https:\/\/eugenchocolate.com\/en\/online-shop\/chocolate\/vintage-postcards-from-serbia-gift-box\/\"]}]},{\"@type\":\"ImageObject\",\"inLanguage\":\"en-US\",\"@id\":\"https:\/\/eugenchocolate.com\/en\/online-shop\/chocolate\/vintage-postcards-from-serbia-gift-box\/#primaryimage\",\"url\":\"https:\/\/eugenchocolate.com\/wp-content\/uploads\/2021\/04\/DSC_6926-01-1-scaled.webp\",\"contentUrl\":\"https:\/\/eugenchocolate.com\/wp-content\/uploads\/2021\/04\/DSC_6926-01-1-scaled.webp\",\"width\":2560,\"height\":1706,\"caption\":\"Vintage Postcards from Serbia Gift Box\"},{\"@type\":\"BreadcrumbList\",\"@id\":\"https:\/\/eugenchocolate.com\/en\/online-shop\/chocolate\/vintage-postcards-from-serbia-gift-box\/#breadcrumb\",\"itemListElement\":[{\"@type\":\"ListItem\",\"position\":1,\"name\":\"Po\u010detna\",\"item\":\"https:\/\/eugenchocolate.com\/en\/\"},{\"@type\":\"ListItem\",\"position\":2,\"name\":\"Online Shop\",\"item\":\"https:\/\/eugenchocolate.com\/en\/online-shop\/\"},{\"@type\":\"ListItem\",\"position\":3,\"name\":\"Vintage Postcards from Serbia Gift Box\"}]},{\"@type\":\"WebSite\",\"@id\":\"https:\/\/eugenchocolate.com\/en\/#website\",\"url\":\"https:\/\/eugenchocolate.com\/en\/\",\"name\":\"Eugen Chocolate\",\"description\":\"The finest handcrafted chocolates\",\"publisher\":{\"@id\":\"https:\/\/eugenchocolate.com\/en\/#organization\"},\"potentialAction\":[{\"@type\":\"SearchAction\",\"target\":{\"@type\":\"EntryPoint\",\"urlTemplate\":\"https:\/\/eugenchocolate.com\/en\/?s={search_term_string}\"},\"query-input\":{\"@type\":\"PropertyValueSpecification\",\"valueRequired\":true,\"valueName\":\"search_term_string\"}}],\"inLanguage\":\"en-US\"},{\"@type\":\"Organization\",\"@id\":\"https:\/\/eugenchocolate.com\/en\/#organization\",\"name\":\"Eugen Chocolate\",\"url\":\"https:\/\/eugenchocolate.com\/en\/\",\"logo\":{\"@type\":\"ImageObject\",\"inLanguage\":\"en-US\",\"@id\":\"https:\/\/eugenchocolate.com\/en\/#\/schema\/logo\/image\/\",\"url\":\"https:\/\/eugenchocolate.com\/wp-content\/uploads\/2021\/03\/Eugen-logo.png\",\"contentUrl\":\"https:\/\/eugenchocolate.com\/wp-content\/uploads\/2021\/03\/Eugen-logo.png\",\"width\":105,\"height\":105,\"caption\":\"Eugen Chocolate\"},\"image\":{\"@id\":\"https:\/\/eugenchocolate.com\/en\/#\/schema\/logo\/image\/\"},\"sameAs\":[\"https:\/\/www.facebook.com\/eugenchocolate\/\",\"https:\/\/www.instagram.com\/eugen_chocolate\/?hl=en\",\"https:\/\/www.youtube.com\/channel\/UCn5LHfsIAmD0i9CIEvExonQ\/videos\"]}]}<\/script>\n<!-- \/ Yoast SEO plugin. -->","yoast_head_json":{"title":"Vintage Postcards from Serbia Gift Box - Eugen Chocolate","description":".Old postcards from Serbia will revive the spirit of old Serbia, and literary descriptions of famous writers Ivo Andri\u0107, Mika Anti\u0107, and Bora Stankovi\u0107 will awaken the memory of former cult places and the old spirit of Serbia","robots":{"index":"index","follow":"follow","max-snippet":"max-snippet:-1","max-image-preview":"max-image-preview:large","max-video-preview":"max-video-preview:-1"},"canonical":"https:\/\/eugenchocolate.com\/en\/online-shop\/chocolate\/vintage-postcards-from-serbia-gift-box\/","og_locale":"en_US","og_type":"article","og_title":"Vintage Postcards from Serbia Gift Box - Eugen Chocolate","og_description":".Old postcards from Serbia will revive the spirit of old Serbia, and literary descriptions of famous writers Ivo Andri\u0107, Mika Anti\u0107, and Bora Stankovi\u0107 will awaken the memory of former cult places and the old spirit of Serbia","og_url":"https:\/\/eugenchocolate.com\/en\/online-shop\/chocolate\/vintage-postcards-from-serbia-gift-box\/","og_site_name":"Eugen Chocolate","article_publisher":"https:\/\/www.facebook.com\/eugenchocolate\/","article_modified_time":"2023-03-30T11:00:33+00:00","og_image":[{"width":2560,"height":1706,"url":"https:\/\/eugenchocolate.com\/wp-content\/uploads\/2021\/04\/DSC_6926-01-1-scaled.webp","type":"image\/jpeg"}],"twitter_card":"summary_large_image","schema":{"@context":"https:\/\/schema.org","@graph":[{"@type":"WebPage","@id":"https:\/\/eugenchocolate.com\/en\/online-shop\/chocolate\/vintage-postcards-from-serbia-gift-box\/","url":"https:\/\/eugenchocolate.com\/en\/online-shop\/chocolate\/vintage-postcards-from-serbia-gift-box\/","name":"Vintage Postcards from Serbia Gift Box - Eugen Chocolate","isPartOf":{"@id":"https:\/\/eugenchocolate.com\/en\/#website"},"primaryImageOfPage":{"@id":"https:\/\/eugenchocolate.com\/en\/online-shop\/chocolate\/vintage-postcards-from-serbia-gift-box\/#primaryimage"},"image":{"@id":"https:\/\/eugenchocolate.com\/en\/online-shop\/chocolate\/vintage-postcards-from-serbia-gift-box\/#primaryimage"},"thumbnailUrl":"https:\/\/eugenchocolate.com\/wp-content\/uploads\/2021\/04\/DSC_6926-01-1-scaled.webp","datePublished":"2021-04-08T07:34:03+00:00","dateModified":"2023-03-30T11:00:33+00:00","description":".Old postcards from Serbia will revive the spirit of old Serbia, and literary descriptions of famous writers Ivo Andri\u0107, Mika Anti\u0107, and Bora Stankovi\u0107 will awaken the memory of former cult places and the old spirit of Serbia","breadcrumb":{"@id":"https:\/\/eugenchocolate.com\/en\/online-shop\/chocolate\/vintage-postcards-from-serbia-gift-box\/#breadcrumb"},"inLanguage":"en-US","potentialAction":[{"@type":"ReadAction","target":["https:\/\/eugenchocolate.com\/en\/online-shop\/chocolate\/vintage-postcards-from-serbia-gift-box\/"]}]},{"@type":"ImageObject","inLanguage":"en-US","@id":"https:\/\/eugenchocolate.com\/en\/online-shop\/chocolate\/vintage-postcards-from-serbia-gift-box\/#primaryimage","url":"https:\/\/eugenchocolate.com\/wp-content\/uploads\/2021\/04\/DSC_6926-01-1-scaled.webp","contentUrl":"https:\/\/eugenchocolate.com\/wp-content\/uploads\/2021\/04\/DSC_6926-01-1-scaled.webp","width":2560,"height":1706,"caption":"Vintage Postcards from Serbia Gift Box"},{"@type":"BreadcrumbList","@id":"https:\/\/eugenchocolate.com\/en\/online-shop\/chocolate\/vintage-postcards-from-serbia-gift-box\/#breadcrumb","itemListElement":[{"@type":"ListItem","position":1,"name":"Po\u010detna","item":"https:\/\/eugenchocolate.com\/en\/"},{"@type":"ListItem","position":2,"name":"Online Shop","item":"https:\/\/eugenchocolate.com\/en\/online-shop\/"},{"@type":"ListItem","position":3,"name":"Vintage Postcards from Serbia Gift Box"}]},{"@type":"WebSite","@id":"https:\/\/eugenchocolate.com\/en\/#website","url":"https:\/\/eugenchocolate.com\/en\/","name":"Eugen Chocolate","description":"The finest handcrafted chocolates","publisher":{"@id":"https:\/\/eugenchocolate.com\/en\/#organization"},"potentialAction":[{"@type":"SearchAction","target":{"@type":"EntryPoint","urlTemplate":"https:\/\/eugenchocolate.com\/en\/?s={search_term_string}"},"query-input":{"@type":"PropertyValueSpecification","valueRequired":true,"valueName":"search_term_string"}}],"inLanguage":"en-US"},{"@type":"Organization","@id":"https:\/\/eugenchocolate.com\/en\/#organization","name":"Eugen Chocolate","url":"https:\/\/eugenchocolate.com\/en\/","logo":{"@type":"ImageObject","inLanguage":"en-US","@id":"https:\/\/eugenchocolate.com\/en\/#\/schema\/logo\/image\/","url":"https:\/\/eugenchocolate.com\/wp-content\/uploads\/2021\/03\/Eugen-logo.png","contentUrl":"https:\/\/eugenchocolate.com\/wp-content\/uploads\/2021\/03\/Eugen-logo.png","width":105,"height":105,"caption":"Eugen Chocolate"},"image":{"@id":"https:\/\/eugenchocolate.com\/en\/#\/schema\/logo\/image\/"},"sameAs":["https:\/\/www.facebook.com\/eugenchocolate\/","https:\/\/www.instagram.com\/eugen_chocolate\/?hl=en","https:\/\/www.youtube.com\/channel\/UCn5LHfsIAmD0i9CIEvExonQ\/videos"]}]}},"_links":{"self":[{"href":"https:\/\/eugenchocolate.com\/en\/wp-json\/wp\/v2\/product\/13277","targetHints":{"allow":["GET"]}}],"collection":[{"href":"https:\/\/eugenchocolate.com\/en\/wp-json\/wp\/v2\/product"}],"about":[{"href":"https:\/\/eugenchocolate.com\/en\/wp-json\/wp\/v2\/types\/product"}],"version-history":[{"count":3,"href":"https:\/\/eugenchocolate.com\/en\/wp-json\/wp\/v2\/product\/13277\/revisions"}],"predecessor-version":[{"id":22224,"href":"https:\/\/eugenchocolate.com\/en\/wp-json\/wp\/v2\/product\/13277\/revisions\/22224"}],"wp:featuredmedia":[{"embeddable":true,"href":"https:\/\/eugenchocolate.com\/en\/wp-json\/wp\/v2\/media\/22103"}],"wp:attachment":[{"href":"https:\/\/eugenchocolate.com\/en\/wp-json\/wp\/v2\/media?parent=13277"}],"wp:term":[{"taxonomy":"product_brand","embeddable":true,"href":"https:\/\/eugenchocolate.com\/en\/wp-json\/wp\/v2\/product_brand?post=13277"},{"taxonomy":"product_cat","embeddable":true,"href":"https:\/\/eugenchocolate.com\/en\/wp-json\/wp\/v2\/product_cat?post=13277"},{"taxonomy":"product_tag","embeddable":true,"href":"https:\/\/eugenchocolate.com\/en\/wp-json\/wp\/v2\/product_tag?post=13277"}],"curies":[{"name":"wp","href":"https:\/\/api.w.org\/{rel}","templated":true}]}}